{"id":225,"date":"2019-05-30T08:32:11","date_gmt":"2019-05-30T08:32:11","guid":{"rendered":"https:\/\/www.alpassettoghedina.it\/privacy\/"},"modified":"2019-06-04T07:57:29","modified_gmt":"2019-06-04T07:57:29","slug":"privacy","status":"publish","type":"page","link":"https:\/\/www.alpassettoghedina.it\/de\/privacy\/","title":{"rendered":"Privacy"},"content":{"rendered":"\r\n\t\t\t\t<a href=\"https:\/\/www.alpassettoghedina.it\" target=\"_self\" itemprop=\"url\" rel=\"noopener noreferrer\">\r\n\t\t\t\t<img loading=\"lazy\" src=\"https:\/\/www.alpassettoghedina.it\/wp-content\/uploads\/2019\/05\/logointerno.svg\" alt=\"Al Passetto Cortina\" itemprop=\"image\" height=\"\" width=\"\" title=\"logointerno\" onerror=\"this.style.display='none'\"  \/>\r\n\t\t\t\t<\/a>\r\n\t<h1>Privacy<\/h1>\r\n<p><b>Informativa ai sensi dell&#8217;art. 13 D.Lgs. 196\/2003<\/b><\/p>\r\nRistorante Pizzeria al Passetto<br \/>\r\nFamiglia Ghedina<br \/>\r\nAL PASSETTO SRL<br \/>\r\nVia Marconi, 8<br \/>\r\nI-32043 Cortina d&#8217;Ampezzo (BL)<br \/>\r\nTel. +39 0436 2254<br \/>\r\nFax: +39 0436 867709<br \/>\r\nE-Mail: <a>info@alpassettoghedina.it<\/a><br \/>\r\nInternet: <a href=\"..\/\" target=\"_blank\" rel=\"noopener noreferrer\">www.alpassettoghedina.it<\/a>\r\n<p>Ai sensi dell&#8217;articolo 13 del D.Lgs n. 196\/2003 Le forniamo le seguenti informazioni: AL PASSETTO SRL, Via Marconi, 8, I-32043 Cortina d&#8217;Ampezzo (BL), utilizzer\u00e0 i vostri dati per i seguenti scopi: Invio di E-Mail e comunicazioni pubblicitarie, per adempiere agli obblighi di legge derivanti anche da normative locali e comunali nonch\u00e9 da norme del diritto civile e penale, per adempiere ad eventuali obblighi contrattuali nei confronti dell&#8217;interessato, alla tutela del credito e gestione del debito.<\/p>\r\n<p>I vostri dati saranno elaborati e memorizzati in formato elettronico. AL PASSETTO SRL, Via Marconi, 8, I-32043 Cortina d&#8217;Ampezzo (BL), garantisce ai sensi di legge che il trattamento dei dati personali avviene nel rispetto dei diritti fondamentali nonch\u00e9 della dignit\u00e0 dell&#8217;interessato, in particolare per quanto riguarda la segretezza, l&#8217;identit\u00e0 personale e il diritto alla tutela degli stessi.<\/p>\r\nIn relazione alle finalit\u00e0 di cui sopra i vostri dati personali verranno comunicati se necessario:<br \/>\r\n&#8211; alle Pubbliche Amministrazioni ed Autorit\u00e0, ove previsto dalla legge<br \/>\r\n&#8211; ad Istituti di credito con i quali la ns. ditta ha rapporti per la gestione dei crediti\/debiti e l&#8217;intermediazione finanziaria<br \/>\r\n&#8211; a tutte quelle persone fisiche e\/o giuridiche, pubbliche e\/o private (studi di consulenza legale, amministrativa e fiscale, uffici giudiziari, Camere di Commercio ecc.), quando la comunicazione risulti necessaria o funzionale allo svolgimento della nostra attivit\u00e0 e nei modi e per le finalit\u00e0 sopra elencate\r\n<p>I dati personali trattati dalla nostra societ\u00e0 non sono soggetti a diffusione. Il trattamento potr\u00e0 effettuarsi con o senza l&#8217;ausilio di mezzi elettronici e comunque automatizzati e comprender\u00e0 tutte le operazioni previste all&#8217;art. 4 comma 1, lettera a, Dlgs 30 giugno 2003 nr. 196 e necessarie al trattamento in questione. Comunque il trattamento sar\u00e0 effettuato nell&#8217;osservanza di ogni misura cautelativa, che ne garantisca la sicurezza e la riservatezza.<\/p>\r\n<p>Il trattamento dei dati \u00e8 a cura di AL PASSETTO SRL.<\/p>\r\n<p>In ogni momento potrete esercitare i vostri diritti nei confronti del titolare del trattamento, ai sensi dell&#8217;art. 7 del D. lgs. 196\/2003, che per vostra comodit\u00e0 riproduciamo integralmente:<\/p>\r\n<p>Articolo 7 &#8211; Diritto di accesso ai dati personali ed altri diritti<\/p>\r\n<p>1. L&#8217;interessato ha diritto di ottenere la conferma dell&#8217;esistenza o meno di dati personali che lo riguardano, anche se non ancora registrati, e la loro comunicazione in forma intelligibile.<\/p>\r\n2. L&#8217;interessato ha diritto di ottenere l&#8217;indicazione:<br \/>\r\na) dell&#8217;origine dei dati personali;<br \/>\r\nb) delle finalit\u00e0 e modalit\u00e0 del trattamento;<br \/>\r\nc) della logica applicata in caso di trattamento effettuato con l&#8217;ausilio di strumenti elettronici;<br \/>\r\nd) degli estremi identificativi del titolare, dei responsabili e del rappresentante designato ai sensi dell&#8217;articolo 5, comma 2;<br \/>\r\ne) dei soggetti o delle categorie di soggetti ai quali i dati personali possono essere comunicati o che possono venirne a conoscenza in qualit\u00e0 di rappresentante designato nel territorio dello Stato, di responsabili o incaricati.\r\n3. L&#8217;interessato ha diritto di ottenere:<br \/>\r\na) l&#8217;aggiornamento, la rettificazione ovvero, quando vi ha interesse, l&#8217;integrazione dei dati;<br \/>\r\nb) la cancellazione, la trasformazione in forma anonima o il blocco dei dati trattati in violazione di legge, compresi quelli di cui non \u00e8 necessaria la conservazione in relazione agli scopi per i quali i dati sono stati raccolti o successivamente trattati;<br \/>\r\nc) l&#8217;attestazione che le operazioni di cui alle lettere a) e b) sono state portate a conoscenza, anche per quanto riguarda il loro contenuto, di coloro ai quali i dati sono stati comunicati o diffusi, eccettuato il caso in cui tale adempimento si rivela impossibile o comporta un impiego di mezzi manifestamente sproporzionato rispetto al diritto tutelato.\r\n4. L&#8217;interessato ha diritto di opporsi, in tutto o in parte:<br \/>\r\na) per motivi legittimi al trattamento dei dati personali che lo riguardano, ancorch\u00e9 pertinenti allo scopo della raccolta;<br \/>\r\nb) b) al trattamento di dati personali che lo riguardano a fini di invio di materiale pubblicitario o di vendita diretta o per il compimento di ricerche di mercato o di comunicazione commerciale.\r\n<p>I diritti in oggetto possono essere esercitati, anche per il tramite di un incaricato, medi-ante richiesta rivolta alla responsabile persona, Signor Ghedina Giorgio.<\/p>\r\n<p>Il garante della privacy \u00e9 Signor Ghedina Giorgio.<\/p>\r\nIl titolare del trattamento in oggetto \u00e8:<br \/>\r\nRistorante Pizzeria al Passetto<br \/>\r\nAL PASSETTO SRL\r\nLegale rappresentante e direttore amministrativo: Ghedina Giorgio<br \/>\r\nDirettore: Ghedina Giorgio<br \/>\r\nSoci: Ghedina Giorgio, Checconi Arianna<br \/>\r\nCapitale sociale: 25.822,84 \u20ac I.V.\r\nVia Marconi, 8<br \/>\r\nI-32043 Cortina d&#8217;Ampezzo (BL)<br \/>\r\nTel. +39 0436 2254<br \/>\r\nFax: +39 0436 867709<br \/>\r\nE-Mail: <a>info@alpassettoghedina.it<\/a><br \/>\r\nInternet: <a href=\"..\/\" target=\"_blank\" rel=\"noopener noreferrer\">www.alpassettoghedina.it<\/a>\r\nCamera di commercio(n. R.E.A.): BL-68034<br \/>\r\nPartita IVA: IT00731070256<br \/>\r\nCodice fiscale: 00731070256<br \/>\r\nResponsabile per il contenuto ai sensi dell&#8217;art. 6 del codice di deontologia: AL PASSETTO SRL\r\n\t\t\t\t<img loading=\"lazy\" src=\"https:\/\/www.alpassettoghedina.it\/wp-content\/uploads\/2019\/05\/passetto_logo.svg\" alt=\"Ristorante Pizzeria Al pAssetto Cortina\" itemprop=\"image\" height=\"\" width=\"\" title=\"passetto_logo\" onerror=\"this.style.display='none'\"  \/>\r\n\t\t\t\t<img loading=\"lazy\" src=\"https:\/\/www.alpassettoghedina.it\/wp-content\/uploads\/2019\/05\/ghedina-cortina.png\" alt=\"Famiglia Ghedina - Cortina\" itemprop=\"image\" height=\"90\" width=\"120\" title=\"ghedina-cortina\" onerror=\"this.style.display='none'\"  \/>\r\n\t\t\t\t<img loading=\"lazy\" src=\"https:\/\/www.alpassettoghedina.it\/wp-content\/uploads\/2019\/05\/aic.png\" alt=\"AIC\" itemprop=\"image\" height=\"90\" width=\"120\" title=\"aic\" onerror=\"this.style.display='none'\"  \/>\r\n<h4>\r\n\t\tOrari di apertura e chiusure stagionali\r\n\t<\/h4>\r\n<table><colgroup> <col \/> <col \/> <\/colgroup>\r\n<tbody>\r\n<tr>\r\n<td>Pranzo<\/td>\r\n<td>dalle ore 12:00 alle ore 15:00<\/td>\r\n<\/tr>\r\n<tr>\r\n<td>Cena<\/td>\r\n<td>dalle ore 18:30 alle ore 24:00<\/td>\r\n<\/tr>\r\n<tr>\r\n<td>Giorno di riposo<\/td>\r\n<td>Mercoled\u00ec<\/td>\r\n<\/tr>\r\n<tr>\r\n<td>Chiuso per ferie<\/td>\r\n<td>Le 4 settimane successive alla settimana di Pasqua.\r\nDa ultima settimana di Novembre fino al met\u00e0 dicembre.<\/td>\r\n<\/tr>\r\n<\/tbody>\r\n<\/table>\r\n\t<h4>Follow\u00a0Us<\/h4>\r\n<p>Puoi seguirci su nostri canali social:<\/p>\r\n","protected":false},"excerpt":{"rendered":"<p>Privacy Informativa ai sensi dell&#8217;art. 13 D.Lgs. 196\/2003 Ristorante Pizzeria al Passetto Famiglia Ghedina AL PASSETTO SRL Via Marconi, 8 I-32043 Cortina d&#8217;Ampezzo (BL) Tel. +39 0436 2254 Fax: +39 0436 867709 E-Mail: info@alpassettoghedina.it Internet: www.alpassettoghedina.it Ai sensi dell&#8217;articolo 13 del D.Lgs n. 196\/2003 Le forniamo le seguenti informazioni: AL PASSETTO SRL, Via Marconi, 8, [&hellip;]<\/p>\n","protected":false},"author":1,"featured_media":0,"parent":0,"menu_order":0,"comment_status":"closed","ping_status":"closed","template":"","meta":{"inline_featured_image":false,"_mi_skip_tracking":false},"yoast_head":"<!-- This site is optimized with the Yoast SEO plugin v19.8 - https:\/\/yoast.com\/wordpress\/plugins\/seo\/ -->\n<title>Privacy | Ristorante Pizzeria Al Passetto<\/title>\n<meta name=\"robots\" content=\"index, follow, max-snippet:-1, max-image-preview:large, max-video-preview:-1\" \/>\n<link rel=\"canonical\" href=\"https:\/\/www.alpassettoghedina.it\/de\/privacy\/\" \/>\n<meta property=\"og:locale\" content=\"de_DE\" \/>\n<meta property=\"og:type\" content=\"article\" \/>\n<meta property=\"og:title\" content=\"Privacy | Ristorante Pizzeria Al Passetto\" \/>\n<meta property=\"og:description\" content=\"Privacy Informativa ai sensi dell&#8217;art. 13 D.Lgs. 196\/2003 Ristorante Pizzeria al Passetto Famiglia Ghedina AL PASSETTO SRL Via Marconi, 8 I-32043 Cortina d&#8217;Ampezzo (BL) Tel. +39 0436 2254 Fax: +39 0436 867709 E-Mail: info@alpassettoghedina.it Internet: www.alpassettoghedina.it Ai sensi dell&#8217;articolo 13 del D.Lgs n. 196\/2003 Le forniamo le seguenti informazioni: AL PASSETTO SRL, Via Marconi, 8, [&hellip;]\" \/>\n<meta property=\"og:url\" content=\"https:\/\/www.alpassettoghedina.it\/de\/privacy\/\" \/>\n<meta property=\"og:site_name\" content=\"Ristorante Pizzeria Al Passetto\" \/>\n<meta property=\"article:publisher\" content=\"https:\/\/www.facebook.com\/giorgio.ghedina\" \/>\n<meta property=\"article:modified_time\" content=\"2019-06-04T07:57:29+00:00\" \/>\n<meta property=\"og:image\" content=\"https:\/\/www.alpassettoghedina.it\/wp-content\/uploads\/2019\/05\/logointerno.svg\" \/>\n<meta name=\"twitter:card\" content=\"summary_large_image\" \/>\n<meta name=\"twitter:label1\" content=\"Gesch\u00e4tzte Lesezeit\" \/>\n\t<meta name=\"twitter:data1\" content=\"4 Minuten\" \/>\n<script type=\"application\/ld+json\" class=\"yoast-schema-graph\">{\"@context\":\"https:\/\/schema.org\",\"@graph\":[{\"@type\":\"WebPage\",\"@id\":\"https:\/\/www.alpassettoghedina.it\/de\/privacy\/\",\"url\":\"https:\/\/www.alpassettoghedina.it\/de\/privacy\/\",\"name\":\"Privacy | Ristorante Pizzeria Al Passetto\",\"isPartOf\":{\"@id\":\"https:\/\/www.alpassettoghedina.it\/#website\"},\"datePublished\":\"2019-05-30T08:32:11+00:00\",\"dateModified\":\"2019-06-04T07:57:29+00:00\",\"breadcrumb\":{\"@id\":\"https:\/\/www.alpassettoghedina.it\/de\/privacy\/#breadcrumb\"},\"inLanguage\":\"de-DE\",\"potentialAction\":[{\"@type\":\"ReadAction\",\"target\":[\"https:\/\/www.alpassettoghedina.it\/de\/privacy\/\"]}]},{\"@type\":\"BreadcrumbList\",\"@id\":\"https:\/\/www.alpassettoghedina.it\/de\/privacy\/#breadcrumb\",\"itemListElement\":[{\"@type\":\"ListItem\",\"position\":1,\"name\":\"Home\",\"item\":\"https:\/\/www.alpassettoghedina.it\/de\/\"},{\"@type\":\"ListItem\",\"position\":2,\"name\":\"Privacy\"}]},{\"@type\":\"WebSite\",\"@id\":\"https:\/\/www.alpassettoghedina.it\/#website\",\"url\":\"https:\/\/www.alpassettoghedina.it\/\",\"name\":\"Ristorante Pizzeria Al Passetto\",\"description\":\"Cortina d'Ampezzo\",\"publisher\":{\"@id\":\"https:\/\/www.alpassettoghedina.it\/#organization\"},\"potentialAction\":[{\"@type\":\"SearchAction\",\"target\":{\"@type\":\"EntryPoint\",\"urlTemplate\":\"https:\/\/www.alpassettoghedina.it\/?s={search_term_string}\"},\"query-input\":\"required name=search_term_string\"}],\"inLanguage\":\"de-DE\"},{\"@type\":\"Organization\",\"@id\":\"https:\/\/www.alpassettoghedina.it\/#organization\",\"name\":\"Al Passetto - Ristorante e Pizzeria a Cortina\",\"url\":\"https:\/\/www.alpassettoghedina.it\/\",\"sameAs\":[\"https:\/\/www.facebook.com\/giorgio.ghedina\"],\"logo\":{\"@type\":\"ImageObject\",\"inLanguage\":\"de-DE\",\"@id\":\"https:\/\/www.alpassettoghedina.it\/#\/schema\/logo\/image\/\",\"url\":\"https:\/\/www.alpassettoghedina.it\/wp-content\/uploads\/2019\/05\/logo-int.svg\",\"contentUrl\":\"https:\/\/www.alpassettoghedina.it\/wp-content\/uploads\/2019\/05\/logo-int.svg\",\"caption\":\"Al Passetto - Ristorante e Pizzeria a Cortina\"},\"image\":{\"@id\":\"https:\/\/www.alpassettoghedina.it\/#\/schema\/logo\/image\/\"}}]}<\/script>\n<!-- \/ Yoast SEO plugin. -->","yoast_head_json":{"title":"Privacy | Ristorante Pizzeria Al Passetto","robots":{"index":"index","follow":"follow","max-snippet":"max-snippet:-1","max-image-preview":"max-image-preview:large","max-video-preview":"max-video-preview:-1"},"canonical":"https:\/\/www.alpassettoghedina.it\/de\/privacy\/","og_locale":"de_DE","og_type":"article","og_title":"Privacy | Ristorante Pizzeria Al Passetto","og_description":"Privacy Informativa ai sensi dell&#8217;art. 13 D.Lgs. 196\/2003 Ristorante Pizzeria al Passetto Famiglia Ghedina AL PASSETTO SRL Via Marconi, 8 I-32043 Cortina d&#8217;Ampezzo (BL) Tel. +39 0436 2254 Fax: +39 0436 867709 E-Mail: info@alpassettoghedina.it Internet: www.alpassettoghedina.it Ai sensi dell&#8217;articolo 13 del D.Lgs n. 196\/2003 Le forniamo le seguenti informazioni: AL PASSETTO SRL, Via Marconi, 8, [&hellip;]","og_url":"https:\/\/www.alpassettoghedina.it\/de\/privacy\/","og_site_name":"Ristorante Pizzeria Al Passetto","article_publisher":"https:\/\/www.facebook.com\/giorgio.ghedina","article_modified_time":"2019-06-04T07:57:29+00:00","og_image":[{"url":"https:\/\/www.alpassettoghedina.it\/wp-content\/uploads\/2019\/05\/logointerno.svg"}],"twitter_card":"summary_large_image","twitter_misc":{"Gesch\u00e4tzte Lesezeit":"4 Minuten"},"schema":{"@context":"https:\/\/schema.org","@graph":[{"@type":"WebPage","@id":"https:\/\/www.alpassettoghedina.it\/de\/privacy\/","url":"https:\/\/www.alpassettoghedina.it\/de\/privacy\/","name":"Privacy | Ristorante Pizzeria Al Passetto","isPartOf":{"@id":"https:\/\/www.alpassettoghedina.it\/#website"},"datePublished":"2019-05-30T08:32:11+00:00","dateModified":"2019-06-04T07:57:29+00:00","breadcrumb":{"@id":"https:\/\/www.alpassettoghedina.it\/de\/privacy\/#breadcrumb"},"inLanguage":"de-DE","potentialAction":[{"@type":"ReadAction","target":["https:\/\/www.alpassettoghedina.it\/de\/privacy\/"]}]},{"@type":"BreadcrumbList","@id":"https:\/\/www.alpassettoghedina.it\/de\/privacy\/#breadcrumb","itemListElement":[{"@type":"ListItem","position":1,"name":"Home","item":"https:\/\/www.alpassettoghedina.it\/de\/"},{"@type":"ListItem","position":2,"name":"Privacy"}]},{"@type":"WebSite","@id":"https:\/\/www.alpassettoghedina.it\/#website","url":"https:\/\/www.alpassettoghedina.it\/","name":"Ristorante Pizzeria Al Passetto","description":"Cortina d'Ampezzo","publisher":{"@id":"https:\/\/www.alpassettoghedina.it\/#organization"},"potentialAction":[{"@type":"SearchAction","target":{"@type":"EntryPoint","urlTemplate":"https:\/\/www.alpassettoghedina.it\/?s={search_term_string}"},"query-input":"required name=search_term_string"}],"inLanguage":"de-DE"},{"@type":"Organization","@id":"https:\/\/www.alpassettoghedina.it\/#organization","name":"Al Passetto - Ristorante e Pizzeria a Cortina","url":"https:\/\/www.alpassettoghedina.it\/","sameAs":["https:\/\/www.facebook.com\/giorgio.ghedina"],"logo":{"@type":"ImageObject","inLanguage":"de-DE","@id":"https:\/\/www.alpassettoghedina.it\/#\/schema\/logo\/image\/","url":"https:\/\/www.alpassettoghedina.it\/wp-content\/uploads\/2019\/05\/logo-int.svg","contentUrl":"https:\/\/www.alpassettoghedina.it\/wp-content\/uploads\/2019\/05\/logo-int.svg","caption":"Al Passetto - Ristorante e Pizzeria a Cortina"},"image":{"@id":"https:\/\/www.alpassettoghedina.it\/#\/schema\/logo\/image\/"}}]}},"_links":{"self":[{"href":"https:\/\/www.alpassettoghedina.it\/de\/wp-json\/wp\/v2\/pages\/225"}],"collection":[{"href":"https:\/\/www.alpassettoghedina.it\/de\/wp-json\/wp\/v2\/pages"}],"about":[{"href":"https:\/\/www.alpassettoghedina.it\/de\/wp-json\/wp\/v2\/types\/page"}],"author":[{"embeddable":true,"href":"https:\/\/www.alpassettoghedina.it\/de\/wp-json\/wp\/v2\/users\/1"}],"replies":[{"embeddable":true,"href":"https:\/\/www.alpassettoghedina.it\/de\/wp-json\/wp\/v2\/comments?post=225"}],"version-history":[{"count":2,"href":"https:\/\/www.alpassettoghedina.it\/de\/wp-json\/wp\/v2\/pages\/225\/revisions"}],"predecessor-version":[{"id":239,"href":"https:\/\/www.alpassettoghedina.it\/de\/wp-json\/wp\/v2\/pages\/225\/revisions\/239"}],"wp:attachment":[{"href":"https:\/\/www.alpassettoghedina.it\/de\/wp-json\/wp\/v2\/media?parent=225"}],"curies":[{"name":"wp","href":"https:\/\/api.w.org\/{rel}","templated":true}]}}